{"id":1496,"date":"2023-12-19T16:12:09","date_gmt":"2023-12-19T16:12:09","guid":{"rendered":"https:\/\/miriam.wak-web.site\/blocksi-v2\/?page_id=1496"},"modified":"2025-01-20T12:17:41","modified_gmt":"2025-01-20T12:17:41","slug":"impressum","status":"publish","type":"page","link":"https:\/\/juliasliwa.com\/en\/impressum\/","title":{"rendered":"Impressum"},"content":{"rendered":"<div data-elementor-type=\"wp-page\" data-elementor-id=\"1496\" class=\"elementor elementor-1496\">\n\t\t\t\t<div class=\"elementor-element elementor-element-44f4e34 e-flex e-con-boxed e-con e-parent\" data-id=\"44f4e34\" data-element_type=\"container\">\n\t\t\t\t\t<div class=\"e-con-inner\">\n\t\t<div class=\"elementor-element elementor-element-d45c506 e-con-full e-flex e-con e-child\" data-id=\"d45c506\" data-element_type=\"container\">\n\t\t\t\t<\/div>\n\t\t<div class=\"elementor-element elementor-element-2893317 e-con-full e-flex e-con e-child\" data-id=\"2893317\" data-element_type=\"container\">\n\t\t\t\t<div class=\"elementor-element elementor-element-053d375 elementor-widget elementor-widget-text-editor\" data-id=\"053d375\" data-element_type=\"widget\" data-widget_type=\"text-editor.default\">\n\t\t\t\t<div class=\"elementor-widget-container\">\n\t\t\t\t\t\t\t\t\t<p><strong>Media owner\n<\/strong><br>\nJulia Maria Sliwa<br>\nPianist<br>\n1080 Vienna, Austria<br>\nmail@juliasliwa.at<\/p>\n<p><strong>Liability<\/strong>\n<br>All information has been compiled with the greatest possible care, but no guarantee can be given for its content and accuracy. Any liability regarding links to other websites and the accuracy and timeliness of the information contained therein as well as for data loss or other technical impairments that may arise when viewing or downloading data from this website is excluded.<\/p>\n<p><strong>Cookies<\/strong><br>\nThis website uses so-called cookies to make the offer more user-friendly. Cookies do not cause any damage. They make it possible to recognize your browser the next time you visit. If you do not want this, you can set up your browser so that it informs you about the setting of cookies and you only allow this in individual cases.<\/p>\n<p><strong>Copyright notice<\/strong><br>\nAlle Inhalte dieser Webseite (Bilder, Fotos, Texte, Videos)\u00a0unterliegen dem Urheberrecht.\u00a0Der\u00a0Medieninhaber gestattet die \u00dcbernahme von Dateien dieser Website nur f\u00fcr\u00a0den privaten Gebrauch. Die \u00dcbernahme und Nutzung der Daten zu anderen\u00a0Zwecken bedarf der vorhergehenden schriftlichen Zustimmung von Julia Maria Sliwa. Falls notwendig,\u00a0werden wir die unerlaubte Nutzung von Teilen der Inhalte unserer Seite\u00a0rechtlich verfolgen. Sollten Sie auf dieser Webseite Inhalte finden, die das Urheberrecht verletzen, bitte Julia Maria Sliwa zu kontaktieren.<\/p>\n<p><strong>Picture credits<\/strong>\n<br>The images, photos and graphics on this website are protected by copyright.<\/p>\n<p>The image rights are held by the following photographers and companies:<\/p>\n\n<ul>\n<li>Photographer Magdalena Halas\n<a href=\"http:\/\/magdalenahalas.pl\/\" target=\"_blank\" rel=\"noopener\">www.magdalenahalas.pl\u00a0<\/a><\/li>\n<li>Georg Bodenstein\n<a href=\"https:\/\/www.georgbodenstein.com\/\" target=\"_blank\" rel=\"noopener\">www.georgbodenstein.com\u00a0<\/a><\/li>\n<\/ul>\n<p>All texts are protected by copyright.<\/p>\n<p><strong>Webdesign<\/strong><br>\nEmima Miriam Ilie\n<a href=\"https:\/\/www.behance.net\/emimailie\" target=\"_blank\" rel=\"noopener\">www.behance.net\/emimailie<\/a><\/p>\t\t\t\t\t\t\t\t<\/div>\n\t\t\t\t<\/div>\n\t\t\t\t<\/div>\n\t\t<div class=\"elementor-element elementor-element-81748cf e-con-full e-flex e-con e-child\" data-id=\"81748cf\" data-element_type=\"container\">\n\t\t\t\t<\/div>\n\t\t\t\t\t<\/div>\n\t\t\t\t<\/div>\n\t\t\t\t<\/div>","protected":false},"excerpt":{"rendered":"<p>Medieninhaberin Julia Maria Sliwa Pianistin 1080 Wien, Austria mail@juliasliwa.at Haftung Alle Informationen wurden mit gr\u00f6\u00dftm\u00f6glicher Sorgfalt zusammengestellt, jedoch kann f\u00fcr Inhalt und Richtigkeit keine Gew\u00e4hr \u00fcbernommen werden. Jegliche Haftung betreffend Links zu anderen Webseiten und der Richtigkeit und Aktualit\u00e4t der enthaltenen Angaben sowie f\u00fcr Datenverlust oder andere technische Beeintr\u00e4chtigungen, die beim Betrachten oder Herunterladen von [&hellip;]<\/p>","protected":false},"author":1,"featured_media":0,"parent":0,"menu_order":0,"comment_status":"closed","ping_status":"closed","template":"","meta":{"_seopress_robots_primary_cat":"","_seopress_titles_title":"","_seopress_titles_desc":"","_seopress_robots_index":"","_coblocks_attr":"","_coblocks_dimensions":"","_coblocks_responsive_height":"","_coblocks_accordion_ie_support":"","footnotes":""},"class_list":["post-1496","page","type-page","status-publish","hentry"],"blocksy_meta":[],"_links":{"self":[{"href":"https:\/\/juliasliwa.com\/en\/wp-json\/wp\/v2\/pages\/1496","targetHints":{"allow":["GET"]}}],"collection":[{"href":"https:\/\/juliasliwa.com\/en\/wp-json\/wp\/v2\/pages"}],"about":[{"href":"https:\/\/juliasliwa.com\/en\/wp-json\/wp\/v2\/types\/page"}],"author":[{"embeddable":true,"href":"https:\/\/juliasliwa.com\/en\/wp-json\/wp\/v2\/users\/1"}],"replies":[{"embeddable":true,"href":"https:\/\/juliasliwa.com\/en\/wp-json\/wp\/v2\/comments?post=1496"}],"version-history":[{"count":40,"href":"https:\/\/juliasliwa.com\/en\/wp-json\/wp\/v2\/pages\/1496\/revisions"}],"predecessor-version":[{"id":6435,"href":"https:\/\/juliasliwa.com\/en\/wp-json\/wp\/v2\/pages\/1496\/revisions\/6435"}],"wp:attachment":[{"href":"https:\/\/juliasliwa.com\/en\/wp-json\/wp\/v2\/media?parent=1496"}],"curies":[{"name":"wp","href":"https:\/\/api.w.org\/{rel}","templated":true}]}}